{"id":498,"date":"2026-02-23T09:04:40","date_gmt":"2026-02-23T09:04:40","guid":{"rendered":"https:\/\/novo.madewithamore.com\/?post_type=product&#038;p=498"},"modified":"2026-02-24T08:50:09","modified_gmt":"2026-02-24T08:50:09","slug":"set-aus-muetze-und-schal-3-7-jahre","status":"publish","type":"product","link":"https:\/\/novo.madewithamore.com\/?product=set-aus-muetze-und-schal-3-7-jahre","title":{"rendered":"Set aus M\u00fctze und Schal (3\u20137 Jahre)"},"content":{"rendered":"<p>Set aus M\u00fctze und Schal (3\u20137 Jahre)<\/p>\n<p>&nbsp;<\/p>\n<p>Dieses sch\u00f6ne Set ist\u00a0<strong>vollst\u00e4ndig handgefertigt<\/strong>\u00a0und mit viel Liebe zum Detail hergestellt. Es besteht aus\u00a0<strong>hochwertigem Acryl mit Polyester<\/strong>, was f\u00fcr ein weiches Tragegef\u00fchl, hohe Strapazierf\u00e4higkeit und\u00a0<strong>sehr gute W\u00e4rmeisolierung<\/strong>\u00a0sorgt.<\/p>\n<p>Ideal f\u00fcr kalte Tage \u2013 h\u00e4lt Ihr Kind\u00a0<strong>im Winter angenehm warm und komfortabel<\/strong>. Das zarte Design und die handgefertigte Verarbeitung machen dieses Set perfekt f\u00fcr den Alltag oder als besonderes Geschenk.<\/p>\n<p>&nbsp;<\/p>\n<p>&#x2728; Handgefertigt<br \/>\n&#x2728; Hochwertige Materialien<br \/>\n&#x2728; Warm, weich &amp; bequem<br \/>\n&#x2728; Perfekt f\u00fcr den Winter<\/p>\n<p>&nbsp;<\/p>\n<p><strong>Care:<\/strong>\u00a0hand washen ist immer besser, aber\u00a0\u00a0Sie konnen bei 30\u00b0 in Waschmaschine waschen<\/p>\n","protected":false},"excerpt":{"rendered":"<p>Set aus M\u00fctze und Schal (3\u20137 Jahre)<\/p>\n","protected":false},"featured_media":499,"comment_status":"open","ping_status":"closed","template":"","meta":[],"product_brand":[],"product_cat":[24,25,51],"product_tag":[],"class_list":{"0":"post-498","1":"product","2":"type-product","3":"status-publish","4":"has-post-thumbnail","6":"product_cat-amore-packli","7":"product_cat-baby-kids","8":"product_cat-baby-kollektion","9":"product_shipping_class-grande","11":"first","12":"instock","13":"taxable","14":"shipping-taxable","15":"purchasable","16":"product-type-simple"},"_links":{"self":[{"href":"https:\/\/novo.madewithamore.com\/index.php?rest_route=\/wp\/v2\/product\/498","targetHints":{"allow":["GET"]}}],"collection":[{"href":"https:\/\/novo.madewithamore.com\/index.php?rest_route=\/wp\/v2\/product"}],"about":[{"href":"https:\/\/novo.madewithamore.com\/index.php?rest_route=\/wp\/v2\/types\/product"}],"replies":[{"embeddable":true,"href":"https:\/\/novo.madewithamore.com\/index.php?rest_route=%2Fwp%2Fv2%2Fcomments&post=498"}],"wp:featuredmedia":[{"embeddable":true,"href":"https:\/\/novo.madewithamore.com\/index.php?rest_route=\/wp\/v2\/media\/499"}],"wp:attachment":[{"href":"https:\/\/novo.madewithamore.com\/index.php?rest_route=%2Fwp%2Fv2%2Fmedia&parent=498"}],"wp:term":[{"taxonomy":"product_brand","embeddable":true,"href":"https:\/\/novo.madewithamore.com\/index.php?rest_route=%2Fwp%2Fv2%2Fproduct_brand&post=498"},{"taxonomy":"product_cat","embeddable":true,"href":"https:\/\/novo.madewithamore.com\/index.php?rest_route=%2Fwp%2Fv2%2Fproduct_cat&post=498"},{"taxonomy":"product_tag","embeddable":true,"href":"https:\/\/novo.madewithamore.com\/index.php?rest_route=%2Fwp%2Fv2%2Fproduct_tag&post=498"}],"curies":[{"name":"wp","href":"https:\/\/api.w.org\/{rel}","templated":true}]}}