{"id":513,"date":"2026-02-23T10:36:49","date_gmt":"2026-02-23T10:36:49","guid":{"rendered":"https:\/\/novo.madewithamore.com\/?post_type=product&#038;p=513"},"modified":"2026-02-24T08:49:24","modified_gmt":"2026-02-24T08:49:24","slug":"armband-ohrringe-03","status":"publish","type":"product","link":"https:\/\/novo.madewithamore.com\/?product=armband-ohrringe-03","title":{"rendered":"Armband &#038; Ohrringe &#8211; 03"},"content":{"rendered":"<p class=\"isSelectedEnd\"><strong>Armband und Ohrringe Set<\/strong><\/p>\n<p class=\"isSelectedEnd\">Ein einzigartiges Schmuckset bestehend aus einem Armband und passenden Ohrringen.<br \/>\nJedes St\u00fcck ist mit unterschiedlich farbigen Seed Beads verziert und sorgf\u00e4ltig von Hand gen\u00e4ht, wodurch jedes Set ein echtes Unikat ist.<\/p>\n<p class=\"isSelectedEnd\"><strong>Details:<\/strong><\/p>\n<ul data-spread=\"false\">\n<li>\n<p class=\"isSelectedEnd\">Armbandl\u00e4nge: 17 cm<\/p>\n<\/li>\n<li>\n<p class=\"isSelectedEnd\">Handgefertigt<\/p>\n<\/li>\n<li>\n<p class=\"isSelectedEnd\">Mit mehrfarbigen Seed Beads bestickt<\/p>\n<\/li>\n<li>\n<p class=\"isSelectedEnd\">Leicht und angenehm zu tragen<\/p>\n<\/li>\n<\/ul>\n<p>Perfekt als besonderes Accessoire oder als liebevolles Geschenk.<\/p>\n","protected":false},"excerpt":{"rendered":"<p class=\"isSelectedEnd\"><strong>Armband und Ohrringe Set<\/strong><\/p>\n<p class=\"isSelectedEnd\">Ein einzigartiges Schmuckset bestehend aus einem Armband und passenden Ohrringen.<\/p>\n","protected":false},"featured_media":520,"comment_status":"open","ping_status":"closed","template":"","meta":[],"product_brand":[],"product_cat":[36],"product_tag":[],"class_list":{"0":"post-513","1":"product","2":"type-product","3":"status-publish","4":"has-post-thumbnail","6":"product_cat-sets","7":"product_shipping_class-pequeno","9":"first","10":"instock","11":"taxable","12":"shipping-taxable","13":"purchasable","14":"product-type-simple"},"_links":{"self":[{"href":"https:\/\/novo.madewithamore.com\/index.php?rest_route=\/wp\/v2\/product\/513","targetHints":{"allow":["GET"]}}],"collection":[{"href":"https:\/\/novo.madewithamore.com\/index.php?rest_route=\/wp\/v2\/product"}],"about":[{"href":"https:\/\/novo.madewithamore.com\/index.php?rest_route=\/wp\/v2\/types\/product"}],"replies":[{"embeddable":true,"href":"https:\/\/novo.madewithamore.com\/index.php?rest_route=%2Fwp%2Fv2%2Fcomments&post=513"}],"wp:featuredmedia":[{"embeddable":true,"href":"https:\/\/novo.madewithamore.com\/index.php?rest_route=\/wp\/v2\/media\/520"}],"wp:attachment":[{"href":"https:\/\/novo.madewithamore.com\/index.php?rest_route=%2Fwp%2Fv2%2Fmedia&parent=513"}],"wp:term":[{"taxonomy":"product_brand","embeddable":true,"href":"https:\/\/novo.madewithamore.com\/index.php?rest_route=%2Fwp%2Fv2%2Fproduct_brand&post=513"},{"taxonomy":"product_cat","embeddable":true,"href":"https:\/\/novo.madewithamore.com\/index.php?rest_route=%2Fwp%2Fv2%2Fproduct_cat&post=513"},{"taxonomy":"product_tag","embeddable":true,"href":"https:\/\/novo.madewithamore.com\/index.php?rest_route=%2Fwp%2Fv2%2Fproduct_tag&post=513"}],"curies":[{"name":"wp","href":"https:\/\/api.w.org\/{rel}","templated":true}]}}