{"id":572,"date":"2026-02-24T15:30:21","date_gmt":"2026-02-24T15:30:21","guid":{"rendered":"https:\/\/novo.madewithamore.com\/?post_type=product&#038;p=572"},"modified":"2026-02-24T15:31:44","modified_gmt":"2026-02-24T15:31:44","slug":"ohrringe-31","status":"publish","type":"product","link":"https:\/\/novo.madewithamore.com\/?product=ohrringe-31","title":{"rendered":"Ohrringe 31"},"content":{"rendered":"<p data-start=\"0\" data-end=\"45\"><strong data-start=\"0\" data-end=\"43\">Wundersch\u00f6ne Ohrringe mit 4 Quasten.<\/strong><\/p>\n<p data-start=\"47\" data-end=\"75\">Farben: <strong data-start=\"55\" data-end=\"73\">Rot<\/strong><\/p>\n<p data-start=\"77\" data-end=\"118\">Die Gesamtl\u00e4nge betr\u00e4gt ca. <strong data-start=\"105\" data-end=\"115\">5,5 cm<\/strong>.<\/p>\n<p data-start=\"120\" data-end=\"406\" data-is-last-node=\"\" data-is-only-node=\"\">Diese eleganten Ohrringe kombinieren zarte Beiget\u00f6ne mit goldfarbenen Details und verleihen jedem Outfit eine stilvolle und feminine Note. Das feine, flie\u00dfende Design sorgt f\u00fcr Leichtigkeit und macht sie zum perfekten Accessoire \u2013 sowohl f\u00fcr den Alltag als auch f\u00fcr besondere Anl\u00e4sse. &#x2728;<\/p>\n","protected":false},"excerpt":{"rendered":"<p><strong data-start=\"0\" data-end=\"43\">Wundersch\u00f6ne Ohrringe mit 4 Quasten.<\/strong><\/p>\n","protected":false},"featured_media":573,"comment_status":"open","ping_status":"closed","template":"","meta":[],"product_brand":[],"product_cat":[38,27],"product_tag":[],"class_list":{"0":"post-572","1":"product","2":"type-product","3":"status-publish","4":"has-post-thumbnail","6":"product_cat-ohrringe","7":"product_cat-jewellery","8":"product_shipping_class-pequeno","10":"first","11":"instock","12":"taxable","13":"shipping-taxable","14":"purchasable","15":"product-type-simple"},"_links":{"self":[{"href":"https:\/\/novo.madewithamore.com\/index.php?rest_route=\/wp\/v2\/product\/572","targetHints":{"allow":["GET"]}}],"collection":[{"href":"https:\/\/novo.madewithamore.com\/index.php?rest_route=\/wp\/v2\/product"}],"about":[{"href":"https:\/\/novo.madewithamore.com\/index.php?rest_route=\/wp\/v2\/types\/product"}],"replies":[{"embeddable":true,"href":"https:\/\/novo.madewithamore.com\/index.php?rest_route=%2Fwp%2Fv2%2Fcomments&post=572"}],"wp:featuredmedia":[{"embeddable":true,"href":"https:\/\/novo.madewithamore.com\/index.php?rest_route=\/wp\/v2\/media\/573"}],"wp:attachment":[{"href":"https:\/\/novo.madewithamore.com\/index.php?rest_route=%2Fwp%2Fv2%2Fmedia&parent=572"}],"wp:term":[{"taxonomy":"product_brand","embeddable":true,"href":"https:\/\/novo.madewithamore.com\/index.php?rest_route=%2Fwp%2Fv2%2Fproduct_brand&post=572"},{"taxonomy":"product_cat","embeddable":true,"href":"https:\/\/novo.madewithamore.com\/index.php?rest_route=%2Fwp%2Fv2%2Fproduct_cat&post=572"},{"taxonomy":"product_tag","embeddable":true,"href":"https:\/\/novo.madewithamore.com\/index.php?rest_route=%2Fwp%2Fv2%2Fproduct_tag&post=572"}],"curies":[{"name":"wp","href":"https:\/\/api.w.org\/{rel}","templated":true}]}}