{"id":598,"date":"2026-03-03T13:37:00","date_gmt":"2026-03-03T13:37:00","guid":{"rendered":"https:\/\/novo.madewithamore.com\/?post_type=product&#038;p=598"},"modified":"2026-03-03T13:38:54","modified_gmt":"2026-03-03T13:38:54","slug":"ohrringe-45","status":"publish","type":"product","link":"https:\/\/novo.madewithamore.com\/?product=ohrringe-45","title":{"rendered":"Ohrringe 45"},"content":{"rendered":"<p data-start=\"73\" data-end=\"109\"><strong data-start=\"73\" data-end=\"109\">Elegante Ohrringe aus Epoxidharz<\/strong><\/p>\n<p data-start=\"111\" data-end=\"254\">Diese wundersch\u00f6nen Ohrringe wurden sorgf\u00e4ltig aus hochwertigem Epoxidharz gefertigt und \u00fcberzeugen durch ihr modernes und stilvolles Design.<\/p>\n<p data-start=\"256\" data-end=\"374\">Die Glasgr\u00f6\u00dfe betr\u00e4gt <strong data-start=\"278\" data-end=\"295\">5 cm x 3,2 cm<\/strong>, wodurch sie zu einem besonderen Blickfang werden, ohne zu schwer zu wirken.<\/p>\n<p data-start=\"376\" data-end=\"464\">Perfekt f\u00fcr besondere Anl\u00e4sse oder um Ihrem Alltagslook eine elegante Note zu verleihen.<\/p>\n","protected":false},"excerpt":{"rendered":"<p><strong data-start=\"73\" data-end=\"109\">Elegante Ohrringe aus Epoxidharz<\/strong><\/p>\n","protected":false},"featured_media":599,"comment_status":"open","ping_status":"closed","template":"","meta":[],"product_brand":[],"product_cat":[38,27],"product_tag":[],"class_list":{"0":"post-598","1":"product","2":"type-product","3":"status-publish","4":"has-post-thumbnail","6":"product_cat-ohrringe","7":"product_cat-jewellery","8":"product_shipping_class-pequeno","10":"first","11":"instock","12":"taxable","13":"shipping-taxable","14":"purchasable","15":"product-type-simple"},"_links":{"self":[{"href":"https:\/\/novo.madewithamore.com\/index.php?rest_route=\/wp\/v2\/product\/598","targetHints":{"allow":["GET"]}}],"collection":[{"href":"https:\/\/novo.madewithamore.com\/index.php?rest_route=\/wp\/v2\/product"}],"about":[{"href":"https:\/\/novo.madewithamore.com\/index.php?rest_route=\/wp\/v2\/types\/product"}],"replies":[{"embeddable":true,"href":"https:\/\/novo.madewithamore.com\/index.php?rest_route=%2Fwp%2Fv2%2Fcomments&post=598"}],"wp:featuredmedia":[{"embeddable":true,"href":"https:\/\/novo.madewithamore.com\/index.php?rest_route=\/wp\/v2\/media\/599"}],"wp:attachment":[{"href":"https:\/\/novo.madewithamore.com\/index.php?rest_route=%2Fwp%2Fv2%2Fmedia&parent=598"}],"wp:term":[{"taxonomy":"product_brand","embeddable":true,"href":"https:\/\/novo.madewithamore.com\/index.php?rest_route=%2Fwp%2Fv2%2Fproduct_brand&post=598"},{"taxonomy":"product_cat","embeddable":true,"href":"https:\/\/novo.madewithamore.com\/index.php?rest_route=%2Fwp%2Fv2%2Fproduct_cat&post=598"},{"taxonomy":"product_tag","embeddable":true,"href":"https:\/\/novo.madewithamore.com\/index.php?rest_route=%2Fwp%2Fv2%2Fproduct_tag&post=598"}],"curies":[{"name":"wp","href":"https:\/\/api.w.org\/{rel}","templated":true}]}}