{"id":606,"date":"2026-03-03T13:56:30","date_gmt":"2026-03-03T13:56:30","guid":{"rendered":"https:\/\/novo.madewithamore.com\/?post_type=product&#038;p=606"},"modified":"2026-03-03T13:57:24","modified_gmt":"2026-03-03T13:57:24","slug":"ohrringe-55","status":"publish","type":"product","link":"https:\/\/novo.madewithamore.com\/?product=ohrringe-55","title":{"rendered":"Ohrringe 55"},"content":{"rendered":"<p data-start=\"85\" data-end=\"115\"><strong data-start=\"85\" data-end=\"115\">3D-gedruckte Ohrringe<\/strong><\/p>\n<p data-start=\"117\" data-end=\"279\">Diese stilvollen Herz-Ohrringe werden von mir selbst im 3D-Druckverfahren gefertigt und \u00fcberzeugen durch ihr modernes Design und ihr besonders geringes Gewicht.<\/p>\n<p data-start=\"281\" data-end=\"396\">Mit einer Gr\u00f6\u00dfe von <strong data-start=\"301\" data-end=\"316\">4 cm x 4 cm<\/strong> sind sie ein echter Blickfang und dabei <strong data-start=\"357\" data-end=\"395\">sehr leicht und angenehm zu tragen<\/strong>.<\/p>\n<p data-start=\"398\" data-end=\"589\">Das verwendete Material hei\u00dft <strong data-start=\"428\" data-end=\"435\">PLA<\/strong> \u2013 ein biologisch abbaubarer Kunststoff, der aus <strong data-start=\"484\" data-end=\"513\">nachwachsenden Rohstoffen<\/strong> hergestellt wird. Damit verbinden diese Ohrringe Design mit Nachhaltigkeit.<\/p>\n<p data-start=\"591\" data-end=\"670\">Perfekt f\u00fcr alle, die besondere, leichte und umweltbewusste Accessoires lieben.<\/p>\n","protected":false},"excerpt":{"rendered":"<p>Wundersch\u00f6ne, handgefertigte Ohrringe aus Rocailles-Perlen, sorgf\u00e4ltig von Hand gen\u00e4ht.<\/p>\n","protected":false},"featured_media":607,"comment_status":"open","ping_status":"closed","template":"","meta":[],"product_brand":[],"product_cat":[38,27],"product_tag":[],"class_list":{"0":"post-606","1":"product","2":"type-product","3":"status-publish","4":"has-post-thumbnail","6":"product_cat-ohrringe","7":"product_cat-jewellery","8":"product_shipping_class-pequeno","10":"first","11":"instock","12":"taxable","13":"shipping-taxable","14":"purchasable","15":"product-type-simple"},"_links":{"self":[{"href":"https:\/\/novo.madewithamore.com\/index.php?rest_route=\/wp\/v2\/product\/606","targetHints":{"allow":["GET"]}}],"collection":[{"href":"https:\/\/novo.madewithamore.com\/index.php?rest_route=\/wp\/v2\/product"}],"about":[{"href":"https:\/\/novo.madewithamore.com\/index.php?rest_route=\/wp\/v2\/types\/product"}],"replies":[{"embeddable":true,"href":"https:\/\/novo.madewithamore.com\/index.php?rest_route=%2Fwp%2Fv2%2Fcomments&post=606"}],"wp:featuredmedia":[{"embeddable":true,"href":"https:\/\/novo.madewithamore.com\/index.php?rest_route=\/wp\/v2\/media\/607"}],"wp:attachment":[{"href":"https:\/\/novo.madewithamore.com\/index.php?rest_route=%2Fwp%2Fv2%2Fmedia&parent=606"}],"wp:term":[{"taxonomy":"product_brand","embeddable":true,"href":"https:\/\/novo.madewithamore.com\/index.php?rest_route=%2Fwp%2Fv2%2Fproduct_brand&post=606"},{"taxonomy":"product_cat","embeddable":true,"href":"https:\/\/novo.madewithamore.com\/index.php?rest_route=%2Fwp%2Fv2%2Fproduct_cat&post=606"},{"taxonomy":"product_tag","embeddable":true,"href":"https:\/\/novo.madewithamore.com\/index.php?rest_route=%2Fwp%2Fv2%2Fproduct_tag&post=606"}],"curies":[{"name":"wp","href":"https:\/\/api.w.org\/{rel}","templated":true}]}}