{"id":693,"date":"2026-04-17T09:28:15","date_gmt":"2026-04-17T09:28:15","guid":{"rendered":"https:\/\/novo.madewithamore.com\/?post_type=product&#038;p=693"},"modified":"2026-04-17T09:28:59","modified_gmt":"2026-04-17T09:28:59","slug":"ohrringe-91","status":"publish","type":"product","link":"https:\/\/novo.madewithamore.com\/?product=ohrringe-91","title":{"rendered":"Ohrringe 91"},"content":{"rendered":"<p data-start=\"61\" data-end=\"154\"><strong data-start=\"61\" data-end=\"152\">Wundersch\u00f6ne, handgefertigte Ohrringe aus Rocailles-Perlen, sorgf\u00e4ltig von Hand gen\u00e4ht.<\/strong><\/p>\n<p data-start=\"156\" data-end=\"198\">Gr\u00f6\u00dfe des Herzens: ca. <strong data-start=\"179\" data-end=\"195\">4 cm<\/strong>.<\/p>\n<p data-start=\"200\" data-end=\"482\" data-is-last-node=\"\" data-is-only-node=\"\">Diese detailreichen Ohrringe \u00fcberzeugen durch ihre feine Handarbeit und ihr elegantes Design. Die kleinen Glasperlen verleihen eine besondere Struktur und einen edlen, funkelnden Effekt \u2013 perfekt als stilvolles Statement-Accessoire f\u00fcr besondere Anl\u00e4sse oder den Alltag. &#x1f4ab;<\/p>\n","protected":false},"excerpt":{"rendered":"<p>Wundersch\u00f6ne, handgefertigte Ohrringe aus Rocailles-Perlen, sorgf\u00e4ltig von Hand gen\u00e4ht.<\/p>\n","protected":false},"featured_media":694,"comment_status":"open","ping_status":"closed","template":"","meta":[],"product_brand":[],"product_cat":[38,27],"product_tag":[],"class_list":{"0":"post-693","1":"product","2":"type-product","3":"status-publish","4":"has-post-thumbnail","6":"product_cat-ohrringe","7":"product_cat-jewellery","8":"product_shipping_class-pequeno","10":"first","11":"instock","12":"taxable","13":"shipping-taxable","14":"purchasable","15":"product-type-simple"},"_links":{"self":[{"href":"https:\/\/novo.madewithamore.com\/index.php?rest_route=\/wp\/v2\/product\/693","targetHints":{"allow":["GET"]}}],"collection":[{"href":"https:\/\/novo.madewithamore.com\/index.php?rest_route=\/wp\/v2\/product"}],"about":[{"href":"https:\/\/novo.madewithamore.com\/index.php?rest_route=\/wp\/v2\/types\/product"}],"replies":[{"embeddable":true,"href":"https:\/\/novo.madewithamore.com\/index.php?rest_route=%2Fwp%2Fv2%2Fcomments&post=693"}],"wp:featuredmedia":[{"embeddable":true,"href":"https:\/\/novo.madewithamore.com\/index.php?rest_route=\/wp\/v2\/media\/694"}],"wp:attachment":[{"href":"https:\/\/novo.madewithamore.com\/index.php?rest_route=%2Fwp%2Fv2%2Fmedia&parent=693"}],"wp:term":[{"taxonomy":"product_brand","embeddable":true,"href":"https:\/\/novo.madewithamore.com\/index.php?rest_route=%2Fwp%2Fv2%2Fproduct_brand&post=693"},{"taxonomy":"product_cat","embeddable":true,"href":"https:\/\/novo.madewithamore.com\/index.php?rest_route=%2Fwp%2Fv2%2Fproduct_cat&post=693"},{"taxonomy":"product_tag","embeddable":true,"href":"https:\/\/novo.madewithamore.com\/index.php?rest_route=%2Fwp%2Fv2%2Fproduct_tag&post=693"}],"curies":[{"name":"wp","href":"https:\/\/api.w.org\/{rel}","templated":true}]}}