{"id":97,"date":"2021-07-18T08:41:13","date_gmt":"2021-07-18T08:41:13","guid":{"rendered":"https:\/\/demo.athemes.com\/botiga\/?post_type=product&#038;p=97"},"modified":"2026-02-24T13:04:56","modified_gmt":"2026-02-24T13:04:56","slug":"eternal-sunset-collection-lip-and-cheek-set-with-jojoba-oil","status":"publish","type":"product","link":"https:\/\/novo.madewithamore.com\/?product=eternal-sunset-collection-lip-and-cheek-set-with-jojoba-oil","title":{"rendered":"Freizeit-Umh\u00e4ngetasche 03"},"content":{"rendered":"<p>Die\u00a0<strong>Freizeit-Umh\u00e4ngetasche<\/strong>\u00a0ist ein stilvolles und praktisches Accessoire f\u00fcr Jugendliche. Mit ihrer modernen H\u00e4kelstruktur und der frischen Farbkombination eignet sie sich perfekt f\u00fcr den Alltag. Leicht und bequem passt sie ideal zu l\u00e4ssigen Outfits und bietet Platz f\u00fcr alle wichtigen Dinge unterwegs.<br \/>\nDie Tasche besteht aus\u00a0<strong>100 % Baumwolle<\/strong>, ist weich, langlebig und umweltfreundlich.<\/p>\n<p>&nbsp;<\/p>\n<p>&nbsp;<\/p>\n<p>Pflege: kann bei 30 Grad in der Maschine gewaschen werden<\/p>\n","protected":false},"excerpt":{"rendered":"<p>Die\u00a0<strong>Freizeit-Umh\u00e4ngetasche<\/strong>\u00a0ist ein stilvolles und praktisches Accessoire f\u00fcr Jugendliche.<\/p>\n","protected":false},"featured_media":401,"comment_status":"open","ping_status":"closed","template":"","meta":[],"product_brand":[],"product_cat":[40,23],"product_tag":[],"class_list":{"0":"post-97","1":"product","2":"type-product","3":"status-publish","4":"has-post-thumbnail","6":"product_cat-taschen","7":"product_cat-bags-knits","8":"product_shipping_class-medio","10":"first","11":"instock","12":"sale","13":"taxable","14":"shipping-taxable","15":"purchasable","16":"product-type-simple"},"_links":{"self":[{"href":"https:\/\/novo.madewithamore.com\/index.php?rest_route=\/wp\/v2\/product\/97","targetHints":{"allow":["GET"]}}],"collection":[{"href":"https:\/\/novo.madewithamore.com\/index.php?rest_route=\/wp\/v2\/product"}],"about":[{"href":"https:\/\/novo.madewithamore.com\/index.php?rest_route=\/wp\/v2\/types\/product"}],"replies":[{"embeddable":true,"href":"https:\/\/novo.madewithamore.com\/index.php?rest_route=%2Fwp%2Fv2%2Fcomments&post=97"}],"wp:featuredmedia":[{"embeddable":true,"href":"https:\/\/novo.madewithamore.com\/index.php?rest_route=\/wp\/v2\/media\/401"}],"wp:attachment":[{"href":"https:\/\/novo.madewithamore.com\/index.php?rest_route=%2Fwp%2Fv2%2Fmedia&parent=97"}],"wp:term":[{"taxonomy":"product_brand","embeddable":true,"href":"https:\/\/novo.madewithamore.com\/index.php?rest_route=%2Fwp%2Fv2%2Fproduct_brand&post=97"},{"taxonomy":"product_cat","embeddable":true,"href":"https:\/\/novo.madewithamore.com\/index.php?rest_route=%2Fwp%2Fv2%2Fproduct_cat&post=97"},{"taxonomy":"product_tag","embeddable":true,"href":"https:\/\/novo.madewithamore.com\/index.php?rest_route=%2Fwp%2Fv2%2Fproduct_tag&post=97"}],"curies":[{"name":"wp","href":"https:\/\/api.w.org\/{rel}","templated":true}]}}